{"id":1422,"date":"2023-08-23T16:42:39","date_gmt":"2023-08-23T19:42:39","guid":{"rendered":"https:\/\/metricare.com.br\/politica-de-privacidad-y-seguridad\/"},"modified":"2024-07-18T16:39:16","modified_gmt":"2024-07-18T19:39:16","slug":"politica-de-privacidad-y-seguridad","status":"publish","type":"page","link":"https:\/\/metricare.com.br\/es\/politica-de-privacidad-y-seguridad\/","title":{"rendered":"Pol\u00edtica de privacidad y seguridad"},"content":{"rendered":"\t\t<div data-elementor-type=\"wp-page\" data-elementor-id=\"1422\" class=\"elementor elementor-1422 elementor-3\" data-elementor-post-type=\"page\">\n\t\t\t\t\t\t<section class=\"elementor-section elementor-top-section elementor-element elementor-element-1ca6343 elementor-section-content-middle elementor-section-boxed elementor-section-height-default elementor-section-height-default\" data-id=\"1ca6343\" data-element_type=\"section\" data-e-type=\"section\" data-settings=\"{&quot;background_background&quot;:&quot;classic&quot;}\">\n\t\t\t\t\t\t<div class=\"elementor-container elementor-column-gap-no\">\n\t\t\t\t\t<div class=\"elementor-column elementor-col-100 elementor-top-column elementor-element elementor-element-0327216\" data-id=\"0327216\" data-element_type=\"column\" data-e-type=\"column\">\n\t\t\t<div class=\"elementor-widget-wrap elementor-element-populated\">\n\t\t\t\t\t\t<div class=\"elementor-element elementor-element-d97bd58 elementor-widget__width-auto semespaco elementor-widget elementor-widget-text-editor\" data-id=\"d97bd58\" data-element_type=\"widget\" data-e-type=\"widget\" data-widget_type=\"text-editor.default\">\n\t\t\t\t<div class=\"elementor-widget-container\">\n\t\t\t\t\t\t\t\t\t<p><a href=\"https:\/\/metricare.com.br\/es\">Inicio<\/a><\/p>\t\t\t\t\t\t\t\t<\/div>\n\t\t\t\t<\/div>\n\t\t\t\t<div class=\"elementor-element elementor-element-7546595 elementor-widget__width-auto elementor-view-default elementor-widget elementor-widget-icon\" data-id=\"7546595\" data-element_type=\"widget\" data-e-type=\"widget\" data-widget_type=\"icon.default\">\n\t\t\t\t<div class=\"elementor-widget-container\">\n\t\t\t\t\t\t\t<div class=\"elementor-icon-wrapper\">\n\t\t\t<div class=\"elementor-icon\">\n\t\t\t<svg aria-hidden=\"true\" class=\"e-font-icon-svg e-fas-chevron-right\" viewBox=\"0 0 320 512\" xmlns=\"http:\/\/www.w3.org\/2000\/svg\"><path d=\"M285.476 272.971L91.132 467.314c-9.373 9.373-24.569 9.373-33.941 0l-22.667-22.667c-9.357-9.357-9.375-24.522-.04-33.901L188.505 256 34.484 101.255c-9.335-9.379-9.317-24.544.04-33.901l22.667-22.667c9.373-9.373 24.569-9.373 33.941 0L285.475 239.03c9.373 9.372 9.373 24.568.001 33.941z\"><\/path><\/svg>\t\t\t<\/div>\n\t\t<\/div>\n\t\t\t\t\t\t<\/div>\n\t\t\t\t<\/div>\n\t\t\t\t<div class=\"elementor-element elementor-element-82302a5 elementor-widget__width-auto semespaco elementor-widget elementor-widget-text-editor\" data-id=\"82302a5\" data-element_type=\"widget\" data-e-type=\"widget\" data-widget_type=\"text-editor.default\">\n\t\t\t\t<div class=\"elementor-widget-container\">\n\t\t\t\t\t\t\t\t\t<p>Pol\u00edtica de privacidad<\/p>\t\t\t\t\t\t\t\t<\/div>\n\t\t\t\t<\/div>\n\t\t\t\t\t<\/div>\n\t\t<\/div>\n\t\t\t\t\t<\/div>\n\t\t<\/section>\n\t\t\t\t<section class=\"elementor-section elementor-top-section elementor-element elementor-element-ad36272 elementor-section-height-min-height elementor-section-stretched elementor-section-boxed elementor-section-height-default elementor-section-items-middle\" data-id=\"ad36272\" data-element_type=\"section\" data-e-type=\"section\" data-settings=\"{&quot;stretch_section&quot;:&quot;section-stretched&quot;,&quot;background_background&quot;:&quot;classic&quot;}\">\n\t\t\t\t\t\t\t<div class=\"elementor-background-overlay\"><\/div>\n\t\t\t\t\t\t\t<div class=\"elementor-container elementor-column-gap-default\">\n\t\t\t\t\t<div class=\"elementor-column elementor-col-50 elementor-top-column elementor-element elementor-element-a3d8e22\" data-id=\"a3d8e22\" data-element_type=\"column\" data-e-type=\"column\">\n\t\t\t<div class=\"elementor-widget-wrap elementor-element-populated\">\n\t\t\t\t\t\t<div class=\"elementor-element elementor-element-9984bb2 elementor-widget__width-auto elementor-widget elementor-widget-heading\" data-id=\"9984bb2\" data-element_type=\"widget\" data-e-type=\"widget\" data-widget_type=\"heading.default\">\n\t\t\t\t<div class=\"elementor-widget-container\">\n\t\t\t\t\t<h1 class=\"elementor-heading-title elementor-size-default\">Pol\u00edtica de privacidad y seguridad<\/h1>\t\t\t\t<\/div>\n\t\t\t\t<\/div>\n\t\t\t\t\t<\/div>\n\t\t<\/div>\n\t\t\t\t<div class=\"elementor-column elementor-col-50 elementor-top-column elementor-element elementor-element-71a5569\" data-id=\"71a5569\" data-element_type=\"column\" data-e-type=\"column\">\n\t\t\t<div class=\"elementor-widget-wrap\">\n\t\t\t\t\t\t\t<\/div>\n\t\t<\/div>\n\t\t\t\t\t<\/div>\n\t\t<\/section>\n\t\t\t\t<section class=\"elementor-section elementor-top-section elementor-element elementor-element-e6c5d51 elementor-section-boxed elementor-section-height-default elementor-section-height-default\" data-id=\"e6c5d51\" data-element_type=\"section\" data-e-type=\"section\" data-settings=\"{&quot;background_background&quot;:&quot;classic&quot;}\">\n\t\t\t\t\t\t<div class=\"elementor-container elementor-column-gap-default\">\n\t\t\t\t\t<div class=\"elementor-column elementor-col-100 elementor-top-column elementor-element elementor-element-ae5d80a\" data-id=\"ae5d80a\" data-element_type=\"column\" data-e-type=\"column\" data-settings=\"{&quot;background_background&quot;:&quot;classic&quot;}\">\n\t\t\t<div class=\"elementor-widget-wrap elementor-element-populated\">\n\t\t\t\t<div class=\"elementor-element elementor-element-7ae8ea6 e-flex e-con-boxed e-con e-parent\" data-id=\"7ae8ea6\" data-element_type=\"container\" data-e-type=\"container\">\n\t\t\t\t\t<div class=\"e-con-inner\">\n\t\t\t\t<div class=\"elementor-element elementor-element-5359390 semespaco elementor-widget elementor-widget-text-editor\" data-id=\"5359390\" data-element_type=\"widget\" data-e-type=\"widget\" data-widget_type=\"text-editor.default\">\n\t\t\t\t<div class=\"elementor-widget-container\">\n\t\t\t\t\t\t\t\t\t<p>Metricare es un producto de <a href=\"https:\/\/controllab.com\/es\" target=\"_blank\" rel=\"noopener\">Controllab<\/a>.<\/p>\t\t\t\t\t\t\t\t<\/div>\n\t\t\t\t<\/div>\n\t\t\t\t<div class=\"elementor-element elementor-element-9106eb7 elementor-widget elementor-widget-image\" data-id=\"9106eb7\" data-element_type=\"widget\" data-e-type=\"widget\" data-widget_type=\"image.default\">\n\t\t\t\t<div class=\"elementor-widget-container\">\n\t\t\t\t\t\t\t\t\t\t\t\t\t\t\t\t<a href=\"https:\/\/controllab.com\/es\" target=\"_blank\" rel=\"noopener\">\n\t\t\t\t\t\t\t<img fetchpriority=\"high\" decoding=\"async\" width=\"800\" height=\"242\" src=\"https:\/\/metricare.com.br\/wp-content\/uploads\/2024\/07\/Logotipo_Powered_by_Controllab.png\" class=\"attachment-large size-large wp-image-18875\" alt=\"\" srcset=\"https:\/\/metricare.com.br\/wp-content\/uploads\/2024\/07\/Logotipo_Powered_by_Controllab.png 825w, https:\/\/metricare.com.br\/wp-content\/uploads\/2024\/07\/Logotipo_Powered_by_Controllab-300x91.png 300w, https:\/\/metricare.com.br\/wp-content\/uploads\/2024\/07\/Logotipo_Powered_by_Controllab-768x233.png 768w\" sizes=\"(max-width: 800px) 100vw, 800px\" \/>\t\t\t\t\t\t\t\t<\/a>\n\t\t\t\t\t\t\t\t\t\t\t\t\t\t\t<\/div>\n\t\t\t\t<\/div>\n\t\t\t\t\t<\/div>\n\t\t\t\t<\/div>\n\t\t\t\t<div class=\"elementor-element elementor-element-c522660 elementor-widget-divider--view-line elementor-widget elementor-widget-divider\" data-id=\"c522660\" data-element_type=\"widget\" data-e-type=\"widget\" data-widget_type=\"divider.default\">\n\t\t\t\t<div class=\"elementor-widget-container\">\n\t\t\t\t\t\t\t<div class=\"elementor-divider\">\n\t\t\t<span class=\"elementor-divider-separator\">\n\t\t\t\t\t\t<\/span>\n\t\t<\/div>\n\t\t\t\t\t\t<\/div>\n\t\t\t\t<\/div>\n\t\t\t\t<div class=\"elementor-element elementor-element-dd8f451 elementor-widget elementor-widget-text-editor\" data-id=\"dd8f451\" data-element_type=\"widget\" data-e-type=\"widget\" data-widget_type=\"text-editor.default\">\n\t\t\t\t<div class=\"elementor-widget-container\">\n\t\t\t\t\t\t\t\t\t<p><\/p>\n<p>Controllab se preocupa en divulgar su pol\u00edtica de privacidad y seguridad para que usted pueda entender mejor cu\u00e1les informaciones obtenemos y c\u00f3mo las utilizamos.<\/p>\n<p>Para proporcionar una navegaci\u00f3n m\u00e1s f\u00e1cil y completa, el sitio web est\u00e1 dividido en dos \u00e1reas distintas: \u00c1rea Institucional y \u00c1rea del Sistema on line.<\/p>\n<p class=\"secundaria-1\"><strong>\u00c1rea Institucional<\/strong><\/p>\n<p>Esa \u00e1rea busca proveer informaciones sobre todos nuestros servicios y productos. Tambi\u00e9n son divulgados temas y materiales de inter\u00e9s para el seguimiento de laboratorio.<\/p>\n<p>Controllab no cede o comercializa, bajo ninguna forma, cualquier informaci\u00f3n individual de sus usuarios sin expresa autorizaci\u00f3n de los mismos.<\/p>\n<p class=\"secundaria-1\"><strong>\u00c1rea del Sistema on line<\/strong><\/p>\n<p>Con la idea de optimizar a\u00fan m\u00e1s sus operaciones, ControlLab les coloca a disposici\u00f3n a los clientes los programas de Control de Calidad v\u00eda Internet.<\/p>\n<p>El Sistema ON LINE ofrece simplicidad y rapidez en el env\u00edo de resultados, menor plazo para retorno de las evaluaciones y mayor practicidad, con informaciones y servicios a cualquier hora.<\/p>\n<p>Controllab respeta sus clientes y se compromete con el sigilo de todos sus resultados individuales. Para proteger los datos, evitar accesos no autorizados, asegurar la correcta utilizaci\u00f3n de las informaciones y mantenerlas actualizadas, adoptamos diversas t\u00e9cnicas de seguridad, como el protocolo SSL (Secure Socket Layer), que codifica las informaciones enviadas del sitio web hasta nuestro banco de datos. Nuestra clave de codificaci\u00f3n es generada por Let&#8217;s Encrypt, la empresa certificadora digital m\u00e1s respetada por el mercado.<\/p>\n<p>Los resultados son accesibles apenas al participante y su divulgaci\u00f3n es de responsabilidad del propio.<\/p>\n<p>Los resultados solamente ser\u00e1n enviados a terceros, como los organismos de acreditaci\u00f3n o acreditaci\u00f3n, cuando solicitado y autorizado por el participante.<\/p>\n<p>El participante deber\u00e1 designar un responsable para ser el administrador del Sistema on line. Este administrador recibir\u00e1 una contrase\u00f1a de acceso para registrar otros usuarios, delegar actividades relativas al programa, remitir resultados, recibir e imprimir informes, debiendo tambi\u00e9n gestionar la relaci\u00f3n entre Controllab y el laboratorio.<\/p>\n<p>Existe, tambi\u00e9n, la opci\u00f3n de restringir el acceso de usuarios a determinadas \u00e1reas, proporcionando privacidad de los datos que sean convenientes a la Instituci\u00f3n participante.<\/p>\n<p>El participante podr\u00e1 alterar sus datos de registro (contrase\u00f1a, e-mail, responsable entre otros), caso juzgue necesario haciendo clic en registro de usuario ubicado en la barra de herramientas del men\u00fa de la P\u00e1gina Inicial.<\/p>\n<p>Es importante destacar que la contrase\u00f1a del administrador permite acceder todos los datos del participante. Siendo as\u00ed, el mismo debe garantizar su sigilo como forma de evitar exposici\u00f3n de informaciones a personas no autorizadas.<\/p>\n<p><a href=\"https:\/\/metricare.com.br\/politica-de-cookies-br\/\"><strong>Uso de Cookies<\/strong><\/a><\/p>\t\t\t\t\t\t\t\t<\/div>\n\t\t\t\t<\/div>\n\t\t\t\t\t<\/div>\n\t\t<\/div>\n\t\t\t\t\t<\/div>\n\t\t<\/section>\n\t\t\t\t<\/div>\n\t\t","protected":false},"excerpt":{"rendered":"<p>Inicio Pol\u00edtica de privacidad Pol\u00edtica de privacidad y seguridad Metricare es un producto de Controllab. Controllab se preocupa en divulgar su pol\u00edtica de privacidad y seguridad para que usted pueda entender mejor cu\u00e1les informaciones obtenemos y c\u00f3mo las utilizamos. Para proporcionar una navegaci\u00f3n m\u00e1s f\u00e1cil y completa, el sitio web est\u00e1 dividido en dos \u00e1reas [&hellip;]<\/p>\n","protected":false},"author":2,"featured_media":0,"parent":0,"menu_order":0,"comment_status":"closed","ping_status":"open","template":"","meta":{"footnotes":""},"class_list":["post-1422","page","type-page","status-publish","hentry"],"_links":{"self":[{"href":"https:\/\/metricare.com.br\/es\/wp-json\/wp\/v2\/pages\/1422","targetHints":{"allow":["GET"]}}],"collection":[{"href":"https:\/\/metricare.com.br\/es\/wp-json\/wp\/v2\/pages"}],"about":[{"href":"https:\/\/metricare.com.br\/es\/wp-json\/wp\/v2\/types\/page"}],"author":[{"embeddable":true,"href":"https:\/\/metricare.com.br\/es\/wp-json\/wp\/v2\/users\/2"}],"replies":[{"embeddable":true,"href":"https:\/\/metricare.com.br\/es\/wp-json\/wp\/v2\/comments?post=1422"}],"version-history":[{"count":10,"href":"https:\/\/metricare.com.br\/es\/wp-json\/wp\/v2\/pages\/1422\/revisions"}],"predecessor-version":[{"id":18887,"href":"https:\/\/metricare.com.br\/es\/wp-json\/wp\/v2\/pages\/1422\/revisions\/18887"}],"wp:attachment":[{"href":"https:\/\/metricare.com.br\/es\/wp-json\/wp\/v2\/media?parent=1422"}],"curies":[{"name":"wp","href":"https:\/\/api.w.org\/{rel}","templated":true}]}}